{"id":186,"date":"2016-04-10T12:29:28","date_gmt":"2016-04-10T11:29:28","guid":{"rendered":"http:\/\/la-licorne-a-lunettes.fr\/?page_id=186"},"modified":"2016-04-23T23:05:29","modified_gmt":"2016-04-23T22:05:29","slug":"ecoutez","status":"publish","type":"page","link":"https:\/\/la-licorne-a-lunettes.fr\/index.php\/ecoutez\/","title":{"rendered":"Ecoutez !"},"content":{"rendered":"<p>&nbsp;<\/p>\n<p><strong>Vous aimez lire ? OK, alors \u00e0 vos oreilles, pr\u00eat(e)s, ECOUTEZ !<\/strong><\/p>\n<p><strong>Je vous propose de prendre un des livres suivants et de suivre le premier chapitre en \u00e9coutant Lulu la Licorne et Th\u00e9a.<\/strong><\/p>\n<p>&nbsp;<\/p>\n<blockquote><p><img loading=\"lazy\" class=\"alignleft wp-image-188\" src=\"http:\/\/la-licorne-a-lunettes.fr\/wp-content\/uploads\/2016\/04\/journal-chat-assassin-199x300.gif\" alt=\"journal chat assassin\" width=\"132\" height=\"199\" \/>\u00ab\u00a0C&rsquo;est \u00e7a, c&rsquo;est \u00e7a. Allez-y, pendez-moi. J&rsquo;ai tu\u00e9 un oiseau. C&rsquo;est que je suis un <em>chat<\/em>, moi. En fait, c&rsquo;est mon boulot de r\u00f4der dans les jardin \u00e0 la recherche de ces petites cr\u00e9atures qui peuvent \u00e0 peine voleter d&rsquo;une haie \u00e0 l&rsquo;autre. Dites moi, qu&rsquo;est-ce que je suis cens\u00e9 faire quand une boule de plumes se jette dans ma gueule ?\u00a0\u00bb<\/p><\/blockquote>\n<p><a href=\"http:\/\/la-licorne-a-lunettes.fr\/index.php\/2016\/04\/12\/journal-dun-chat-assassin\/\">Lire le billet sur le livre<\/a><\/p>\n<!--[if lt IE 9]><script>document.createElement('audio');<\/script><![endif]-->\n<audio class=\"wp-audio-shortcode\" id=\"audio-186-1\" preload=\"none\" style=\"width: 100%;\" controls=\"controls\"><source type=\"audio\/wav\" src=\"http:\/\/la-licorne-a-lunettes.fr\/wp-content\/uploads\/2016\/04\/journal-chat-assassin-THEA.wav?_=1\" \/><a href=\"http:\/\/la-licorne-a-lunettes.fr\/wp-content\/uploads\/2016\/04\/journal-chat-assassin-THEA.wav\">http:\/\/la-licorne-a-lunettes.fr\/wp-content\/uploads\/2016\/04\/journal-chat-assassin-THEA.wav<\/a><\/audio>\n<p>&nbsp;<\/p>\n<hr \/>\n<blockquote><p><img loading=\"lazy\" class=\"alignleft wp-image-103\" src=\"http:\/\/la-licorne-a-lunettes.fr\/wp-content\/uploads\/2016\/03\/contes-rue-broca-209x300.jpg\" alt=\"contes rue broca\" width=\"130\" height=\"187\" srcset=\"https:\/\/la-licorne-a-lunettes.fr\/wp-content\/uploads\/2016\/03\/contes-rue-broca-209x300.jpg 209w, https:\/\/la-licorne-a-lunettes.fr\/wp-content\/uploads\/2016\/03\/contes-rue-broca-768x1105.jpg 768w, https:\/\/la-licorne-a-lunettes.fr\/wp-content\/uploads\/2016\/03\/contes-rue-broca-712x1024.jpg 712w, https:\/\/la-licorne-a-lunettes.fr\/wp-content\/uploads\/2016\/03\/contes-rue-broca.jpg 821w\" sizes=\"(max-width: 130px) 100vw, 130px\" \/><\/p>\n<p>\u00ab\u00a0C&rsquo;est moi, monsieur Pierre, qui parle et c&rsquo;est \u00e0 moi qu&rsquo;est arriv\u00e9e, l&rsquo;histoire. Un jour, en fouillant dans ma poche, je trouve une pi\u00e8ce de cinq nouveaux francs. Je me dis : Chouette ! Je suis riche ! Je vais pouvoir m&rsquo;acheter une maison ! Et je cours aussit\u00f4t chez le notaire&#8230;\u00a0\u00bb<\/p><\/blockquote>\n<p><a href=\"http:\/\/la-licorne-a-lunettes.fr\/index.php\/2016\/03\/06\/la-sorciere-de-la-rue-mouffetard-et-autres-contes-de-la-rue-broca\/\">Lire le billet sur le livre<\/a><\/p>\n<audio class=\"wp-audio-shortcode\" id=\"audio-186-2\" preload=\"none\" style=\"width: 100%;\" controls=\"controls\"><source type=\"audio\/wav\" src=\"http:\/\/la-licorne-a-lunettes.fr\/wp-content\/uploads\/2016\/03\/sorciere-placard-balais.wav?_=2\" \/><a href=\"http:\/\/la-licorne-a-lunettes.fr\/wp-content\/uploads\/2016\/03\/sorciere-placard-balais.wav\">http:\/\/la-licorne-a-lunettes.fr\/wp-content\/uploads\/2016\/03\/sorciere-placard-balais.wav<\/a><\/audio>\n","protected":false},"excerpt":{"rendered":"<p>&nbsp; Vous aimez lire ? OK, alors \u00e0 vos oreilles, pr\u00eat(e)s, ECOUTEZ ! Je vous propose de prendre un des livres suivants et de suivre le premier chapitre en \u00e9coutant Lulu la Licorne et Th\u00e9a. &nbsp; \u00ab\u00a0C&rsquo;est \u00e7a, c&rsquo;est \u00e7a. Allez-y, pendez-moi. J&rsquo;ai tu\u00e9 un oiseau. C&rsquo;est que je suis un chat, moi. En fait, [&hellip;]<\/p>\n","protected":false},"author":1,"featured_media":0,"parent":0,"menu_order":4,"comment_status":"closed","ping_status":"closed","template":"","meta":{"ngg_post_thumbnail":0},"_links":{"self":[{"href":"https:\/\/la-licorne-a-lunettes.fr\/index.php\/wp-json\/wp\/v2\/pages\/186"}],"collection":[{"href":"https:\/\/la-licorne-a-lunettes.fr\/index.php\/wp-json\/wp\/v2\/pages"}],"about":[{"href":"https:\/\/la-licorne-a-lunettes.fr\/index.php\/wp-json\/wp\/v2\/types\/page"}],"author":[{"embeddable":true,"href":"https:\/\/la-licorne-a-lunettes.fr\/index.php\/wp-json\/wp\/v2\/users\/1"}],"replies":[{"embeddable":true,"href":"https:\/\/la-licorne-a-lunettes.fr\/index.php\/wp-json\/wp\/v2\/comments?post=186"}],"version-history":[{"count":14,"href":"https:\/\/la-licorne-a-lunettes.fr\/index.php\/wp-json\/wp\/v2\/pages\/186\/revisions"}],"predecessor-version":[{"id":450,"href":"https:\/\/la-licorne-a-lunettes.fr\/index.php\/wp-json\/wp\/v2\/pages\/186\/revisions\/450"}],"wp:attachment":[{"href":"https:\/\/la-licorne-a-lunettes.fr\/index.php\/wp-json\/wp\/v2\/media?parent=186"}],"curies":[{"name":"wp","href":"https:\/\/api.w.org\/{rel}","templated":true}]}}