{"id":1819,"date":"2016-12-01T00:30:57","date_gmt":"2016-11-30T23:30:57","guid":{"rendered":"http:\/\/la-licorne-a-lunettes.fr\/?page_id=1819"},"modified":"2017-01-03T12:59:38","modified_gmt":"2017-01-03T11:59:38","slug":"1-jour-1-chapitre","status":"publish","type":"page","link":"https:\/\/la-licorne-a-lunettes.fr\/index.php\/1-jour-1-chapitre\/","title":{"rendered":"Ateliers d&rsquo;\u00e9criture"},"content":{"rendered":"<p style=\"text-align: left;\"><strong>DECEMBRE 2016 &nbsp;#3<\/strong><\/p>\n<p style=\"text-align: left;\"><strong><img loading=\"lazy\" width=\"300\" height=\"223\" class=\"alignleft size-medium wp-image-1898\" alt=\"bix-01-petite\" src=\"http:\/\/la-licorne-a-lunettes.fr\/wp-content\/uploads\/2016\/12\/Bix-01-petite-300x223.jpg\" srcset=\"https:\/\/la-licorne-a-lunettes.fr\/wp-content\/uploads\/2016\/12\/Bix-01-petite-300x223.jpg 300w, https:\/\/la-licorne-a-lunettes.fr\/wp-content\/uploads\/2016\/12\/Bix-01-petite.jpg 586w\" sizes=\"(max-width: 300px) 100vw, 300px\" \/>X-MAS STORY CHALLENGE &#8211;<br \/>\nLE D\u00c9FI LICORNE DE NO\u00cbL<\/strong><\/p>\n<p>1 jour, 1 chapitre, 1 image, 1 mot d\u00e9fi \u00e0 placer, 1 r\u00e9f\u00e9rence Litt\u00e9rature Jeunesse<\/p>\n<p style=\"text-align: left;\"><em><a href=\"https:\/\/www.instagram.com\/bix.dessine\/\">Retrouvez toutes les illustrations de Bix<\/a> sur Instagram<\/em><\/p>\n<p style=\"text-align: center;\">&nbsp;<\/p>\n<p style=\"text-align: left;\"><strong>\u00ab\u00a0RENNE DU PERE NO\u00cbL, POURQUOI PAS MOI ?\u00a0\u00bb<\/strong><\/p>\n<p><strong><br \/>\n1er d\u00e9cembre &nbsp;J-24<\/strong><\/p>\n<p class=\"p1\"><b><\/b>Ce matin, c\u2019est le 1<sup>er<\/sup> d\u00e9cembre. Il fait frais mais pas encore assez froid pour se croire en hiver. \u00c0 travers la fen\u00eatre de sa cuisine, Lulu, la Licorne \u00e0 Lunettes, regarde le ciel. Il est bleu, vraiment tr\u00e8s bleu. Pas un seul nuage \u00e0 l\u2019horizon.<\/p>\n<p class=\"p1\">&#8211; Ce n\u2019est pas encore aujourd\u2019hui qu\u2019il va neiger, se lamente Lulu en allant se rasseoir dans son fauteuil, pr\u00e8s de la chemin\u00e9e. Pfff, comment vais-je faire pour m\u2019entra\u00eener&nbsp;?<br \/>\n&#8230;<\/p>\n<p class=\"p1\"><a href=\"http:\/\/la-licorne-a-lunettes.fr\/index.php\/2016\/12\/01\/2172\/\">Lire la suite<\/a><\/p>\n<p class=\"p1\">&nbsp;<\/p>\n<hr>\n<p class=\"p1\">&nbsp;<strong>NOVEMBRE 2016&nbsp;#2<\/strong><\/p>\n<p><strong>Une image qui vous marque et vous avez envie d\u2019inventer une histoire ? <\/strong><\/p>\n<p>Allez on se lance ! Ce mois-ci, j\u2019ai craqu\u00e9&nbsp;pour cette magnifique illustration po\u00e9tique du talentueux <strong>Nicolas GOUNY<\/strong>.<\/p>\n<p><strong>\u00ab On a tous dans le c\u0153ur un petit bout de douceur commune. \u00bb<\/strong><\/p>\n<figure id=\"attachment_1541\" aria-describedby=\"caption-attachment-1541\" style=\"width: 300px\" class=\"wp-caption alignleft\"><img loading=\"lazy\" width=\"300\" height=\"240\" class=\"size-medium wp-image-1541\" alt=\"(c) Nicolas Goulny\" src=\"http:\/\/la-licorne-a-lunettes.fr\/wp-content\/uploads\/2016\/11\/nicolas-gouny-illustration-taupe-300x240.jpg\" srcset=\"https:\/\/la-licorne-a-lunettes.fr\/wp-content\/uploads\/2016\/11\/nicolas-gouny-illustration-taupe-300x240.jpg 300w, https:\/\/la-licorne-a-lunettes.fr\/wp-content\/uploads\/2016\/11\/nicolas-gouny-illustration-taupe.jpg 480w\" sizes=\"(max-width: 300px) 100vw, 300px\" \/><figcaption id=\"caption-attachment-1541\" class=\"wp-caption-text\">(c) Nicolas Gouny<\/figcaption><\/figure>\n<p>\u00ab\u00a0Un dimanche apr\u00e8s-midi, alors que Max se promenait dans la for\u00eat avec ses parents, il tomba sur un dr\u00f4le d\u2019animal.<\/p>\n<p>Bien trop occup\u00e9s \u00e0 chercher des champignons derri\u00e8re les foug\u00e8res, les parents de Max n\u2019avaient pas vu qu\u2019il ne les suivait plus.<br \/>\n&#8230;<\/p>\n<p class=\"p1\"><a href=\"http:\/\/la-licorne-a-lunettes.fr\/index.php\/2016\/11\/01\/on-a-tous-dans-le-coeur-un-petit-bout-de-douceur-commune\/\">Lire la suite <\/a><\/p>\n<p class=\"p1\">&nbsp;<\/p>\n<hr>\n<p class=\"p1\">&nbsp;<strong>AVRIL 2016&nbsp;#1<\/strong><\/p>\n<figure id=\"attachment_1820\" aria-describedby=\"caption-attachment-1820\" style=\"width: 143px\" class=\"wp-caption alignleft\"><img loading=\"lazy\" width=\"143\" height=\"191\" class=\" wp-image-1820\" alt=\"(c) Bix\" src=\"http:\/\/la-licorne-a-lunettes.fr\/wp-content\/uploads\/2016\/11\/received_10208191696404251-225x300.jpeg\" srcset=\"https:\/\/la-licorne-a-lunettes.fr\/wp-content\/uploads\/2016\/11\/received_10208191696404251-225x300.jpeg 225w, https:\/\/la-licorne-a-lunettes.fr\/wp-content\/uploads\/2016\/11\/received_10208191696404251.jpeg 480w\" sizes=\"(max-width: 143px) 100vw, 143px\" \/><figcaption id=\"caption-attachment-1820\" class=\"wp-caption-text\">(c) Bix<\/figcaption><\/figure>\n<p><strong>Il \u00e9tait une fois une petite histoire qui n\u2019avait pas (encore) de fin\u2026<\/strong><\/p>\n<p>Et si nous \u00e9crivions la suite ensemble ?<\/p>\n<p>La r\u00e8gle du jeu est simple : je vous donne les premi\u00e8res lignes ou le premier chapitre, quelques indices et les \u00e9l\u00e9ments obligatoires \u00e0 placer\u2026 \u00c0 vous d\u2019\u00e9crire la suite et la meilleure histoire sera publi\u00e9e.<\/p>\n<p>&nbsp;<\/p>\n<p><strong>\u00ab\u00a0SOURICAT \u00c0 L\u2019\u00c9COLE DE LA SAVANE\u00a0\u00bb<\/strong><\/p>\n<p>Je m\u2019appelle Souricat, j\u2019ai 8 ans et j\u2019habite dans la Savane. Attention, pas n\u2019importe quelle savane, la savane africaine. Oui, vous avez raison, j\u2019ai beaucoup de chance. Les paysages sont magnifiques, il fait souvent beau quand on ne se prend pas des orages sur la t\u00eate, ma famille est super cool (sauf mon petit fr\u00e8re Gerbillon qui cherche des noises \u00e0 tout ce qui fait plus de 5 cm que lui) et les occasions de rigoler avec les copains ne manquent pas.<\/p>\n<p>Tout serait pour le mieux dans le meilleur des mondes (c\u2019est \u00e9trange, j\u2019ai l\u2019impression que ce n\u2019est pas de moi \u00e7a\u2026), si Chamulot flanqu\u00e9 de Mistigroumpf&nbsp; et de Kittybell \u2013 sa bande de ragondins malfam\u00e9s \u2013&nbsp; ne venaient pas r\u00e9guli\u00e8rement nous enquiquiner. Forc\u00e9ment, ils ont 10 ans, alors \u00e7a les amuse de martyriser les plus petits.<\/p>\n<p>Et justement, moi, je suis petite\u2026 Une adorable petite souris au pelage gris perle, aux yeux verts luisants et aux oreilles pointues qui ressemblent \u00e0 celles d\u2019un chat, c\u2019est d\u2019ailleurs pour cela que je porte le nom de \u00ab Souricat \u00bb : une souris \u00e0 la t\u00eate de chat\u2026 Pas facile tous les jours, je vous le jure. Merci Papidou et Mamouni, mes chers parents ador\u00e9s ! Mais ce n\u2019est pas parce que je suis la plus petite de ma classe que je me laisse faire, j\u2019ai mon caract\u00e8re moi ! Et puis, je ne suis pas toute seule, avec Chinchilloute et Marmoton, on est une \u00e9quipe soud\u00e9e. C\u2019est ESSENTIEL !<\/p>\n<p>Ce matin encore, dans la classe de M. Tigrar, on a \u00e9chapp\u00e9 au pire\u2026<\/p>\n<p>&nbsp;<\/p>\n<p><strong>LES \u00c9L\u00c9MENTS \u00c0 AJOUTER&nbsp;:&nbsp;<\/strong><br \/>\n\u2013 un anniversaire<br \/>\n\u2013 une bagarre<br \/>\n\u2013 un nouvel \u00e9l\u00e8ve<br \/>\n\u2013 une surprise<\/p>\n<p><strong>QUELQUES&nbsp;INDICES :&nbsp;<\/strong><br \/>\n\u2013 Dans la bande de Souricat :<\/p>\n<ul>\n<li>Chinchilloute est grande, fine et un peu timide<\/li>\n<li>Marmoton est petit, un peu rond et il aime faire des blagues<\/li>\n<\/ul>\n<p>\u2013 Dans la bande de Chamulot, qui est grand avec une cicatrice \u00e0 la joue :<\/p>\n<ul>\n<li>Mistigroumf est petit et r\u00e2leur\/bagarreur<\/li>\n<li>Kittybell est grande, ronde et se prend pour une superstar<\/li>\n<\/ul>\n","protected":false},"excerpt":{"rendered":"<p>DECEMBRE 2016 &nbsp;#3 X-MAS STORY CHALLENGE &#8211; LE D\u00c9FI LICORNE DE NO\u00cbL 1 jour, 1 chapitre, 1 image, 1 mot d\u00e9fi \u00e0 placer, 1 r\u00e9f\u00e9rence Litt\u00e9rature Jeunesse Retrouvez toutes les illustrations de Bix sur Instagram &nbsp; \u00ab\u00a0RENNE DU PERE NO\u00cbL, POURQUOI PAS MOI ?\u00a0\u00bb 1er d\u00e9cembre &nbsp;J-24 Ce matin, c\u2019est le 1er d\u00e9cembre. Il fait [&hellip;]<\/p>\n","protected":false},"author":1,"featured_media":0,"parent":0,"menu_order":2,"comment_status":"closed","ping_status":"closed","template":"","meta":{"ngg_post_thumbnail":0},"_links":{"self":[{"href":"https:\/\/la-licorne-a-lunettes.fr\/index.php\/wp-json\/wp\/v2\/pages\/1819"}],"collection":[{"href":"https:\/\/la-licorne-a-lunettes.fr\/index.php\/wp-json\/wp\/v2\/pages"}],"about":[{"href":"https:\/\/la-licorne-a-lunettes.fr\/index.php\/wp-json\/wp\/v2\/types\/page"}],"author":[{"embeddable":true,"href":"https:\/\/la-licorne-a-lunettes.fr\/index.php\/wp-json\/wp\/v2\/users\/1"}],"replies":[{"embeddable":true,"href":"https:\/\/la-licorne-a-lunettes.fr\/index.php\/wp-json\/wp\/v2\/comments?post=1819"}],"version-history":[{"count":93,"href":"https:\/\/la-licorne-a-lunettes.fr\/index.php\/wp-json\/wp\/v2\/pages\/1819\/revisions"}],"predecessor-version":[{"id":2192,"href":"https:\/\/la-licorne-a-lunettes.fr\/index.php\/wp-json\/wp\/v2\/pages\/1819\/revisions\/2192"}],"wp:attachment":[{"href":"https:\/\/la-licorne-a-lunettes.fr\/index.php\/wp-json\/wp\/v2\/media?parent=1819"}],"curies":[{"name":"wp","href":"https:\/\/api.w.org\/{rel}","templated":true}]}}