{"id":16,"date":"2016-03-05T13:31:30","date_gmt":"2016-03-05T12:31:30","guid":{"rendered":"http:\/\/la-licorne-a-lunettes.fr\/?page_id=16"},"modified":"2017-10-08T15:49:09","modified_gmt":"2017-10-08T14:49:09","slug":"interviews","status":"publish","type":"page","link":"https:\/\/la-licorne-a-lunettes.fr\/index.php\/interviews\/","title":{"rendered":"Interviews"},"content":{"rendered":"<figure id=\"attachment_340\" aria-describedby=\"caption-attachment-340\" style=\"width: 170px\" class=\"wp-caption alignleft\"><img loading=\"lazy\" class=\" wp-image-340\" src=\"http:\/\/la-licorne-a-lunettes.fr\/wp-content\/uploads\/2016\/03\/microetlivre-786x1024.jpg\" alt=\"C. Furet (c)\" width=\"170\" height=\"221\" srcset=\"https:\/\/la-licorne-a-lunettes.fr\/wp-content\/uploads\/2016\/03\/microetlivre-786x1024.jpg 786w, https:\/\/la-licorne-a-lunettes.fr\/wp-content\/uploads\/2016\/03\/microetlivre-230x300.jpg 230w, https:\/\/la-licorne-a-lunettes.fr\/wp-content\/uploads\/2016\/03\/microetlivre-768x1001.jpg 768w, https:\/\/la-licorne-a-lunettes.fr\/wp-content\/uploads\/2016\/03\/microetlivre.jpg 1278w\" sizes=\"(max-width: 170px) 100vw, 170px\" \/><figcaption id=\"caption-attachment-340\" class=\"wp-caption-text\">Bix (c)<\/figcaption><\/figure>\n<p>Ici vous trouverez des portraits d&rsquo;auteurs, d&rsquo;illustrateurs, ainsi que les souvenirs de premi\u00e8res lectures de personnalit\u00e9s.<\/p>\n<ul>\n<li>Quel est votre livre d&rsquo;enfance pr\u00e9f\u00e9r\u00e9 ?&nbsp;Quel est votre souvenir des lectures faites par vos parents ?<\/li>\n<li>Quel est le livre que vous \u00eates en train de lire \u00e0 vos enfants ?&nbsp;Quel est votre h\u00e9ros \/ h\u00e9ro\u00efne pr\u00e9f\u00e9r\u00e9(e) et pourquoi ?<\/li>\n<li>Le prochain livre que vous auriez envie d&rsquo;acheter \/ de lire et pourquoi ?<\/li>\n<\/ul>\n<hr>\n<p>&nbsp;<\/p>\n<p>&nbsp;<\/p>\n<figure id=\"attachment_1120\" aria-describedby=\"caption-attachment-1120\" style=\"width: 120px\" class=\"wp-caption alignleft\"><img loading=\"lazy\" class=\" wp-image-1120\" src=\"http:\/\/la-licorne-a-lunettes.fr\/wp-content\/uploads\/2016\/07\/Stephane-Tamaillon-292x300.jpg\" alt=\"\" width=\"120\" height=\"122\" srcset=\"https:\/\/la-licorne-a-lunettes.fr\/wp-content\/uploads\/2016\/07\/Stephane-Tamaillon-292x300.jpg 292w, https:\/\/la-licorne-a-lunettes.fr\/wp-content\/uploads\/2016\/07\/Stephane-Tamaillon-768x790.jpg 768w, https:\/\/la-licorne-a-lunettes.fr\/wp-content\/uploads\/2016\/07\/Stephane-Tamaillon-996x1024.jpg 996w\" sizes=\"(max-width: 120px) 100vw, 120px\" \/><figcaption id=\"caption-attachment-1120\" class=\"wp-caption-text\">ST (c)<\/figcaption><\/figure>\n<p><strong>#18 L&rsquo;INTERVIEW DU JOUR &#8211; 1 OCTOBRE 2017<\/strong><\/p>\n<p><a href=\"http:\/\/la-licorne-a-lunettes.fr\/index.php\/2017\/10\/01\/stephane-tamaillon-nous-parle-de-son-nouveau-roman-la-team-sherlock-t-1-le-mystere-moriarty\/\">STEPHANE TAMAILLON NOUS PARLE DE SON NOUVEAU ROMAN LA TEAM SHERLOCK T.1&nbsp;<\/a><\/p>\n<p>&nbsp;<\/p>\n<p>&nbsp;<\/p>\n<p>&nbsp;<\/p>\n<p><strong>#17 L&rsquo;INTERVIEW DU JOUR &#8211; 21 AO\u00dbT&nbsp;2017&nbsp;<\/strong><\/p>\n<p><img loading=\"lazy\" class=\"wp-image-3156 alignleft\" src=\"http:\/\/la-licorne-a-lunettes.fr\/wp-content\/uploads\/2017\/08\/chazerand-emilie-225x300.jpg\" alt=\"\" width=\"98\" height=\"131\" srcset=\"https:\/\/la-licorne-a-lunettes.fr\/wp-content\/uploads\/2017\/08\/chazerand-emilie-225x300.jpg 225w, https:\/\/la-licorne-a-lunettes.fr\/wp-content\/uploads\/2017\/08\/chazerand-emilie.jpg 512w\" sizes=\"(max-width: 98px) 100vw, 98px\" \/><\/p>\n<p>&nbsp;<\/p>\n<p><a href=\"http:\/\/la-licorne-a-lunettes.fr\/index.php\/2017\/08\/21\/emilie-chazerand-nous-parle-de-son-nouveau-roman-la-fourmi-rouge-et-de-ses-lectures-denfance\/\">EMILIE CHAZERAND&nbsp;NOUS PARLE DE SON ROMAN \u00ab\u00a0LA FOURMI ROUGE\u00a0\u00bb ET DE SES SOUVENIRS DE LECTURES D&rsquo;ENFANCE&nbsp;<\/a><\/p>\n<p>&nbsp;<\/p>\n<p>&nbsp;<\/p>\n<p><strong>#16 L&rsquo;INTERVIEW DU JOUR &#8211; 17 MAI 2017&nbsp;<\/strong><\/p>\n<p><img loading=\"lazy\" class=\"wp-image-2969 alignleft\" src=\"http:\/\/la-licorne-a-lunettes.fr\/wp-content\/uploads\/2017\/05\/fred-paronuzzi-300x300.jpg\" alt=\"\" width=\"125\" height=\"125\" srcset=\"https:\/\/la-licorne-a-lunettes.fr\/wp-content\/uploads\/2017\/05\/fred-paronuzzi-300x300.jpg 300w, https:\/\/la-licorne-a-lunettes.fr\/wp-content\/uploads\/2017\/05\/fred-paronuzzi-150x150.jpg 150w, https:\/\/la-licorne-a-lunettes.fr\/wp-content\/uploads\/2017\/05\/fred-paronuzzi-768x768.jpg 768w, https:\/\/la-licorne-a-lunettes.fr\/wp-content\/uploads\/2017\/05\/fred-paronuzzi-100x100.jpg 100w, https:\/\/la-licorne-a-lunettes.fr\/wp-content\/uploads\/2017\/05\/fred-paronuzzi-200x200.jpg 200w, https:\/\/la-licorne-a-lunettes.fr\/wp-content\/uploads\/2017\/05\/fred-paronuzzi.jpg 960w\" sizes=\"(max-width: 125px) 100vw, 125px\" \/><\/p>\n<p class=\"wp-caption-dd\">&nbsp;<\/p>\n<p><a href=\"http:\/\/la-licorne-a-lunettes.fr\/index.php\/2017\/05\/17\/interview-fred-panoruzzi-nous-parle-de-son-roman-il-faut-sauver-la-lune-et-son-rapport-a-lecriture\/\">FRED PARONUZZI NOUS PARLE DE SON ROMAN &lsquo;IL FAUT SAUVER LA LUNE\u00a0\u00bb ET DE SES LECTURES D&rsquo;ENFANCE<\/a><\/p>\n<p class=\"wp-caption-dd\">&nbsp;<\/p>\n<p class=\"wp-caption-dd\">&nbsp;<\/p>\n<p class=\"wp-caption-dd\">&nbsp;<\/p>\n<p><strong>#15<\/strong><strong> L&rsquo;INTERVIEW DU JOUR &#8211; 16 AVRIL&nbsp;2017&nbsp;<\/strong><\/p>\n<p><a href=\"http:\/\/la-licorne-a-lunettes.fr\/index.php\/2017\/04\/16\/interview-fanny-joly-nous-parle-de-son-dernier-album-vingt-coeurs\/\"><img loading=\"lazy\" class=\"alignleft wp-image-654\" src=\"http:\/\/la-licorne-a-lunettes.fr\/wp-content\/uploads\/2016\/05\/fanny-joly-225x300.jpg\" alt=\"\" width=\"116\" height=\"154\" srcset=\"https:\/\/la-licorne-a-lunettes.fr\/wp-content\/uploads\/2016\/05\/fanny-joly-225x300.jpg 225w, https:\/\/la-licorne-a-lunettes.fr\/wp-content\/uploads\/2016\/05\/fanny-joly.jpg 600w\" sizes=\"(max-width: 116px) 100vw, 116px\" \/><\/a><\/p>\n<p>&nbsp;<\/p>\n<p><a href=\"http:\/\/la-licorne-a-lunettes.fr\/index.php\/2017\/04\/16\/interview-fanny-joly-nous-parle-de-son-dernier-album-vingt-coeurs\/\">FANNY JOLY NOUS PARLE DE SON DERNIER ALBUM \u00ab\u00a0VINGT-COEURS\u00a0\u00bb<\/a><\/p>\n<p>&nbsp;<br \/>\n&nbsp;&nbsp;<\/p>\n<p>&nbsp;<\/p>\n<p><strong>#14 L&rsquo;INTERVIEW DU JOUR &#8211; 12 AVRIL 2017&nbsp;<\/strong><\/p>\n<figure id=\"attachment_2829\" aria-describedby=\"caption-attachment-2829\" style=\"width: 123px\" class=\"wp-caption alignleft\"><img loading=\"lazy\" class=\" wp-image-2829\" src=\"http:\/\/la-licorne-a-lunettes.fr\/wp-content\/uploads\/2017\/04\/pascal-brissy-300x300.jpg\" alt=\"\" width=\"123\" height=\"123\" srcset=\"https:\/\/la-licorne-a-lunettes.fr\/wp-content\/uploads\/2017\/04\/pascal-brissy-300x300.jpg 300w, https:\/\/la-licorne-a-lunettes.fr\/wp-content\/uploads\/2017\/04\/pascal-brissy-150x150.jpg 150w, https:\/\/la-licorne-a-lunettes.fr\/wp-content\/uploads\/2017\/04\/pascal-brissy-100x100.jpg 100w, https:\/\/la-licorne-a-lunettes.fr\/wp-content\/uploads\/2017\/04\/pascal-brissy-200x200.jpg 200w, https:\/\/la-licorne-a-lunettes.fr\/wp-content\/uploads\/2017\/04\/pascal-brissy.jpg 360w\" sizes=\"(max-width: 123px) 100vw, 123px\" \/><figcaption id=\"caption-attachment-2829\" class=\"wp-caption-text\">(c) DR<\/figcaption><\/figure>\n<p>&nbsp;<\/p>\n<p><a href=\"http:\/\/la-licorne-a-lunettes.fr\/index.php\/2017\/04\/12\/interview-pascal-brissy-nous-parle-de-son-nouveau-roman-et-de-ses-lectures-denfance\/\">PASCAL BRISSY NOUS CONFIE SES SOUVENIRS DE LECTURES D&rsquo;ENFANCE A L&rsquo;OCCASION DE LA SORTIE DE SON ROMAN \u00ab\u00a0LE DERNIER PISTEUR\u00a0\u00bb<\/a><\/p>\n<p>&nbsp;&nbsp;<br \/>\n&nbsp;<\/p>\n<p>&nbsp;<\/p>\n<p><strong>#13 L&rsquo;INTERVIEW DU JOUR &#8211; 27 MARS&nbsp;2017&nbsp;<\/strong><\/p>\n<p><a href=\"http:\/\/la-licorne-a-lunettes.fr\/index.php\/2017\/03\/27\/interview-croise-laurent-audouin-et-stephane-tamaillon-parlent-de-leur-collaboration-sur-le-3e-cinemonstres-labominable-docteur-mouche\/\"><img loading=\"lazy\" class=\"alignleft wp-image-2679\" src=\"http:\/\/la-licorne-a-lunettes.fr\/wp-content\/uploads\/2016\/03\/laurentA-et-Stephane-T-150x150.png\" alt=\"\" width=\"130\" height=\"130\" srcset=\"https:\/\/la-licorne-a-lunettes.fr\/wp-content\/uploads\/2016\/03\/laurentA-et-Stephane-T-150x150.png 150w, https:\/\/la-licorne-a-lunettes.fr\/wp-content\/uploads\/2016\/03\/laurentA-et-Stephane-T-100x100.png 100w, https:\/\/la-licorne-a-lunettes.fr\/wp-content\/uploads\/2016\/03\/laurentA-et-Stephane-T-200x200.png 200w\" sizes=\"(max-width: 130px) 100vw, 130px\" \/><\/a><\/p>\n<p>&nbsp;<\/p>\n<p><a href=\"http:\/\/la-licorne-a-lunettes.fr\/index.php\/2017\/03\/27\/interview-croise-laurent-audouin-et-stephane-tamaillon-parlent-de-leur-collaboration-sur-le-3e-cinemonstres-labominable-docteur-mouche\/\"><strong>LAURENT AUDOUIN &amp; STEPHANE TAMAILLON NOUS PARLENT DE LEUR COLLABORATION SUR LE DERNIER CINEMONSTRES<\/strong><\/a><\/p>\n<p>&nbsp;&nbsp;&nbsp;<br \/>\n&nbsp;<\/p>\n<p><strong>#12 L&rsquo;INTERVIEW DU JOUR &#8211; 26 FEVRIER&nbsp;2017&nbsp;<br \/>\n<\/strong><\/p>\n<figure id=\"attachment_2462\" aria-describedby=\"caption-attachment-2462\" style=\"width: 118px\" class=\"wp-caption alignleft\"><img loading=\"lazy\" class=\" wp-image-2462\" src=\"http:\/\/la-licorne-a-lunettes.fr\/wp-content\/uploads\/2017\/02\/anne-loyer-258x300.jpg\" alt=\"(c) DR\" width=\"118\" height=\"137\" srcset=\"https:\/\/la-licorne-a-lunettes.fr\/wp-content\/uploads\/2017\/02\/anne-loyer-258x300.jpg 258w, https:\/\/la-licorne-a-lunettes.fr\/wp-content\/uploads\/2017\/02\/anne-loyer-768x892.jpg 768w, https:\/\/la-licorne-a-lunettes.fr\/wp-content\/uploads\/2017\/02\/anne-loyer-882x1024.jpg 882w, https:\/\/la-licorne-a-lunettes.fr\/wp-content\/uploads\/2017\/02\/anne-loyer.jpg 1807w\" sizes=\"(max-width: 118px) 100vw, 118px\" \/><figcaption id=\"caption-attachment-2462\" class=\"wp-caption-text\">(c) DR<\/figcaption><\/figure>\n<p>&nbsp;<\/p>\n<p><strong><a href=\"http:\/\/la-licorne-a-lunettes.fr\/index.php\/2017\/02\/26\/interview-anne-loyer-nous-parle-de-la-naissance-de-son-roman-car-boy-et-de-ses-livres-denfance\/\">ANNE LOYER NOUS PARLE DE SON NOUVEAU ROMAN CAR BOY AINSI QUE DE SES LIVRES D&rsquo;ENFANCE<\/a><br \/>\n<\/strong><\/p>\n<p>&nbsp;<\/p>\n<p><strong>&nbsp;<\/strong><\/p>\n<p><strong>&nbsp;<\/strong><\/p>\n<p><strong>#11 L&rsquo;INTERVIEW DU JOUR &#8211; 3 FEVRIER&nbsp;2017&nbsp;<\/strong><strong><br \/>\n<\/strong><\/p>\n<figure id=\"attachment_2333\" aria-describedby=\"caption-attachment-2333\" style=\"width: 120px\" class=\"wp-caption alignleft\"><a href=\"http:\/\/la-licorne-a-lunettes.fr\/index.php\/2017\/02\/03\/interview-jean-philippe-arrou-vignod-nous-parle-de-ses-livres-denfance-et-de-sa-passion-pour-lecriture\/\"><img loading=\"lazy\" class=\" wp-image-2333\" src=\"http:\/\/la-licorne-a-lunettes.fr\/wp-content\/uploads\/2017\/01\/jenphilippe-arrouvignod-201x300.jpg\" alt=\"\u00a9 Catherine Helie\" width=\"120\" height=\"179\" srcset=\"https:\/\/la-licorne-a-lunettes.fr\/wp-content\/uploads\/2017\/01\/jenphilippe-arrouvignod-201x300.jpg 201w, https:\/\/la-licorne-a-lunettes.fr\/wp-content\/uploads\/2017\/01\/jenphilippe-arrouvignod.jpg 302w\" sizes=\"(max-width: 120px) 100vw, 120px\" \/><\/a><figcaption id=\"caption-attachment-2333\" class=\"wp-caption-text\"><strong><a href=\"http:\/\/la-licorne-a-lunettes.fr\/index.php\/2017\/02\/03\/interview-jean-philippe-arrou-vignod-nous-parle-de-ses-livres-denfance-et-de-sa-passion-pour-lecriture\/\">\u00a9 DR<\/a><\/strong><\/figcaption><\/figure>\n<p>&nbsp;<\/p>\n<p><strong><a href=\"http:\/\/la-licorne-a-lunettes.fr\/index.php\/2017\/02\/03\/interview-jean-philippe-arrou-vignod-nous-parle-de-ses-livres-denfance-et-de-sa-passion-pour-lecriture\/\">JEAN-PHILIPPE ARROU-VIGNOD NOUS RACONTE LES LIVRES QUI ONT MARQU\u00c9 SON&nbsp;ENFANCE ET SA PASSION POUR L&rsquo;\u00c9CRITURE<\/a><br \/>\n&nbsp;<\/strong><\/p>\n<p>&nbsp;<\/p>\n<p>&nbsp;<\/p>\n<p>&nbsp;<\/p>\n<p>&nbsp;<\/p>\n<p><strong><br \/>\n#10 L&rsquo;INTERVIEW DU JOUR &#8211; 4 JANVIER&nbsp;2017&nbsp;<br \/>\n<img loading=\"lazy\" class=\"wp-image-2061 alignleft\" src=\"http:\/\/la-licorne-a-lunettes.fr\/wp-content\/uploads\/2016\/12\/Flore-Vesco-188x300.jpg\" alt=\"(c) D. Bijeljac\" width=\"124\" height=\"198\" srcset=\"https:\/\/la-licorne-a-lunettes.fr\/wp-content\/uploads\/2016\/12\/Flore-Vesco-188x300.jpg 188w, https:\/\/la-licorne-a-lunettes.fr\/wp-content\/uploads\/2016\/12\/Flore-Vesco.jpg 250w\" sizes=\"(max-width: 124px) 100vw, 124px\" \/><a href=\"http:\/\/la-licorne-a-lunettes.fr\/index.php\/2017\/01\/04\/interview-flore-vesco-nous-livre-ses-souvenirs-de-lectures-denfance\/\">FLORE VESCO NOUS LIVRE SES SOUVENIRS DE LECTURES D&rsquo;ENFANCE<\/a><br \/>\n<\/strong><\/p>\n<p>&nbsp;<\/p>\n<p>&nbsp;<\/p>\n<p>&nbsp;<\/p>\n<p>&nbsp;<\/p>\n<p>&nbsp;<\/p>\n<p><strong>#9 L&rsquo;INTERVIEW DU JOUR &#8211; 12 DECEMBRE 2016<\/strong><a href=\"http:\/\/la-licorne-a-lunettes.fr\/index.php\/2016\/12\/11\/interview-audrey-blogueuse-booktubeuse-bibliovore-du-souffle-des-mots-nous-parle-de-sa-passion\/\"><br \/>\n<img loading=\"lazy\" class=\"alignleft wp-image-1997\" src=\"http:\/\/la-licorne-a-lunettes.fr\/wp-content\/uploads\/2016\/03\/Audrey-ITV-282x300.jpg\" alt=\"audrey-itv\" width=\"135\" height=\"144\" srcset=\"https:\/\/la-licorne-a-lunettes.fr\/wp-content\/uploads\/2016\/03\/Audrey-ITV-282x300.jpg 282w, https:\/\/la-licorne-a-lunettes.fr\/wp-content\/uploads\/2016\/03\/Audrey-ITV-768x817.jpg 768w, https:\/\/la-licorne-a-lunettes.fr\/wp-content\/uploads\/2016\/03\/Audrey-ITV-962x1024.jpg 962w\" sizes=\"(max-width: 135px) 100vw, 135px\" \/>AUDREY, DU BLOG &amp; CHAINE YouTube \u00ab\u00a0LE SOUFFLE DES MOTS\u00a0\u00bb NOUS PARLE DE SA PASSION POUR LA LECTURE<\/a><\/p>\n<p>&nbsp;<\/p>\n<p>&nbsp;<\/p>\n<p>&nbsp;<\/p>\n<p><strong>#8 L&rsquo;INTERVIEW DU JOUR &#8211; 15 NOVEMBRE&nbsp;2016<br \/>\n<\/strong><a href=\"http:\/\/la-licorne-a-lunettes.fr\/index.php\/2016\/11\/15\/interview-christine-naumann-villemin-nous-parle-des-livres-de-son-enfance\/\"><img loading=\"lazy\" class=\"wp-image-1659 alignleft\" src=\"http:\/\/la-licorne-a-lunettes.fr\/wp-content\/uploads\/2016\/11\/naumann_villemin_christine_0-218x300.jpg\" alt=\"(c) l'\u00e9cole des loisirs\" width=\"104\" height=\"143\" srcset=\"https:\/\/la-licorne-a-lunettes.fr\/wp-content\/uploads\/2016\/11\/naumann_villemin_christine_0-218x300.jpg 218w, https:\/\/la-licorne-a-lunettes.fr\/wp-content\/uploads\/2016\/11\/naumann_villemin_christine_0.jpg 290w\" sizes=\"(max-width: 104px) 100vw, 104px\" \/>CHRISTINE NAUMANN-VILLEMIN NOUS PARLE DE SES LIVRES D&rsquo;ENFANCE<\/a><\/p>\n<p>&nbsp;<\/p>\n<p>&nbsp;<\/p>\n<p>&nbsp;<\/p>\n<p>&nbsp;<\/p>\n<p><strong>#7 L&rsquo;INTERVIEW DU JOUR &#8211; 26 OCTOBRE 2016<\/strong><br \/>\n<a href=\"http:\/\/la-licorne-a-lunettes.fr\/index.php\/2016\/10\/26\/antoine-dole-aka-mr-tan-lauteur-de-mortelle-adele-nous-ouvre-les-portes-de-son-univers\/\"><img loading=\"lazy\" class=\"alignleft wp-image-1456\" src=\"http:\/\/la-licorne-a-lunettes.fr\/wp-content\/uploads\/2016\/10\/Antoine-Dole.jpg\" alt=\"antoine-dole\" width=\"127\" height=\"125\">ANTOINE DOLE, AKA \u00ab\u00a0MR TAN\u00a0\u00bb AUTEUR DE MORTELLE ADELE, NOUS OUVRE LES PORTES DE SON UNIVERS<\/a><\/p>\n<p>&nbsp;<\/p>\n<p>&nbsp;<\/p>\n<p>&nbsp;<\/p>\n<p><strong>#6 L&rsquo;INTERVIEW DU JOUR&nbsp;&#8211; 13 SEPTEMBRE 2016<\/strong><\/p>\n<p><img loading=\"lazy\" class=\"wp-image-1265 alignleft\" src=\"http:\/\/la-licorne-a-lunettes.fr\/wp-content\/uploads\/2016\/09\/Michael-Escoffier-230x300.jpg\" alt=\"Micha\u00ebl Escoffier (c)\" width=\"118\" height=\"154\" srcset=\"https:\/\/la-licorne-a-lunettes.fr\/wp-content\/uploads\/2016\/09\/Michael-Escoffier-230x300.jpg 230w, https:\/\/la-licorne-a-lunettes.fr\/wp-content\/uploads\/2016\/09\/Michael-Escoffier.jpg 380w\" sizes=\"(max-width: 118px) 100vw, 118px\" \/><\/p>\n<p><a href=\"http:\/\/la-licorne-a-lunettes.fr\/index.php\/2016\/09\/13\/michael-escoffier-nous-confie-ou-presque-ses-souvenirs-de-lectures-denfance\/\">MICHAEL ESCOFFIER NOUS RACONTE SES LECTURES D&rsquo;ENFANCE<\/a><\/p>\n<p>&nbsp;<\/p>\n<p>&nbsp;<\/p>\n<p>&nbsp;<\/p>\n<p>&nbsp;<\/p>\n<p><strong>#5 L&rsquo;INTERVIEW DU JOUR&nbsp;&#8211; 8 JUILLET 2016<\/strong><\/p>\n<p><img loading=\"lazy\" class=\"wp-image-1120 alignleft\" src=\"http:\/\/la-licorne-a-lunettes.fr\/wp-content\/uploads\/2016\/07\/Stephane-Tamaillon-292x300.jpg\" alt=\"ST (c)\" width=\"164\" height=\"168\" srcset=\"https:\/\/la-licorne-a-lunettes.fr\/wp-content\/uploads\/2016\/07\/Stephane-Tamaillon-292x300.jpg 292w, https:\/\/la-licorne-a-lunettes.fr\/wp-content\/uploads\/2016\/07\/Stephane-Tamaillon-768x790.jpg 768w, https:\/\/la-licorne-a-lunettes.fr\/wp-content\/uploads\/2016\/07\/Stephane-Tamaillon-996x1024.jpg 996w\" sizes=\"(max-width: 164px) 100vw, 164px\" \/><\/p>\n<p><a href=\"http:\/\/la-licorne-a-lunettes.fr\/index.php\/2016\/07\/08\/stephane-tamaillon-nous-livre-ses-souvenirs-de-lectures-denfance\/#comment-63\">STEPHANE TAMAILLON, AUTEUR DE CINEMONSTRES, NOUS PARLE DE SES LIVRES D&rsquo;ENFANCE<\/a><\/p>\n<p>&nbsp;<\/p>\n<p>&nbsp;<\/p>\n<p>&nbsp;<\/p>\n<p>&nbsp;<\/p>\n<p><strong>#4 L&rsquo;INTERVIEW DU JOUR&nbsp;&#8211; 31 MAI 2016<\/strong><\/p>\n<p><strong><strong><img loading=\"lazy\" class=\"alignleft wp-image-858\" src=\"http:\/\/la-licorne-a-lunettes.fr\/wp-content\/uploads\/2016\/05\/Plein-les-mirettes-sur-TF1-avec-Laurent-Audouin_reference-300x269.jpg\" alt=\"Plein-les-mirettes-sur-TF1-avec-Laurent-Audouin_reference\" width=\"202\" height=\"181\" srcset=\"https:\/\/la-licorne-a-lunettes.fr\/wp-content\/uploads\/2016\/05\/Plein-les-mirettes-sur-TF1-avec-Laurent-Audouin_reference-300x269.jpg 300w, https:\/\/la-licorne-a-lunettes.fr\/wp-content\/uploads\/2016\/05\/Plein-les-mirettes-sur-TF1-avec-Laurent-Audouin_reference.jpg 700w\" sizes=\"(max-width: 202px) 100vw, 202px\" \/><br \/>\n<\/strong><\/strong><\/p>\n<p><a href=\"http:\/\/la-licorne-a-lunettes.fr\/index.php\/2016\/05\/31\/interview-laurent-audoin-le-papa-de-mirette-et-sacre-coeur-nous-parle-de-ses-livres-denfance\/\" target=\"_blank\" rel=\"noopener noreferrer\">LAURENT AUDOUIN, L&rsquo;ILLUSTRATEUR DES ENQU\u00caTES DE MIRETTE ET JEAN-PAT, de SACRE-COEUR et des APPRENTIS-CHERCHEURS<\/a><\/p>\n<p>&nbsp;<\/p>\n<p>&nbsp;<\/p>\n<p>&nbsp;<\/p>\n<p><strong>#3 L&rsquo;INTERVIEW DU JOUR &#8211; 29 MAI 2016<\/strong><\/p>\n<p><strong><img loading=\"lazy\" class=\"alignleft wp-image-810\" src=\"http:\/\/la-licorne-a-lunettes.fr\/wp-content\/uploads\/2016\/05\/Bibliothecaires-Gutenberg-289x300.jpg\" alt=\"Bibliothecaires Gutenberg\" width=\"173\" height=\"180\" srcset=\"https:\/\/la-licorne-a-lunettes.fr\/wp-content\/uploads\/2016\/05\/Bibliothecaires-Gutenberg-289x300.jpg 289w, https:\/\/la-licorne-a-lunettes.fr\/wp-content\/uploads\/2016\/05\/Bibliothecaires-Gutenberg.jpg 581w\" sizes=\"(max-width: 173px) 100vw, 173px\" \/><\/strong><\/p>\n<p>&nbsp;<\/p>\n<p><a href=\"http:\/\/la-licorne-a-lunettes.fr\/index.php\/2016\/05\/29\/interview-les-bibliothecaires-de-gutenberg-nous-parlent-de-leurs-livres-denfance\/\" target=\"_blank\" rel=\"noopener noreferrer\">L&rsquo;EQUIPE DE LA BIBLIOTHEQUE GUTENBERG (Paris 15e) PARLENT DE LEURS COUPS DE COEURS D&rsquo;ENFANCE<\/a><\/p>\n<p>&nbsp;<\/p>\n<p>&nbsp;<\/p>\n<p>&nbsp;<\/p>\n<p><strong>#2 L&rsquo;INTERVIEW DU JOUR&nbsp;&#8211; 9 MAI 2016<\/strong><\/p>\n<p><img loading=\"lazy\" class=\"alignleft wp-image-654\" src=\"http:\/\/la-licorne-a-lunettes.fr\/wp-content\/uploads\/2016\/05\/fanny-joly-225x300.jpg\" alt=\"fanny joly\" width=\"139\" height=\"180\"><\/p>\n<p>&nbsp;<\/p>\n<p><a href=\"http:\/\/la-licorne-a-lunettes.fr\/index.php\/2016\/05\/09\/interview-fanny-joly-nous-parle-de-ses-livres-denfance\/\" target=\"_blank\" rel=\"noopener noreferrer\">FANNY JOLY, L&rsquo;AUTEURE DE CUCU LA PRALINE et des ENQU\u00caTES DE MIRETTE<\/a><\/p>\n<p>&nbsp;<\/p>\n<p>&nbsp;<\/p>\n<p>&nbsp;<\/p>\n<p>&nbsp;<\/p>\n<p><strong>#1 L&rsquo;INTERVIEW DU JOUR&nbsp;&#8211; 23 AVRIL 2016<\/strong><\/p>\n<figure id=\"attachment_292\" aria-describedby=\"caption-attachment-292\" style=\"width: 136px\" class=\"wp-caption alignleft\"><img loading=\"lazy\" class=\" wp-image-292\" src=\"http:\/\/la-licorne-a-lunettes.fr\/wp-content\/uploads\/2016\/04\/Photo-salon-Mymi-DOINET-1-224x300.jpg\" alt=\"Mymi DOINET (c)\" width=\"136\" height=\"182\" srcset=\"https:\/\/la-licorne-a-lunettes.fr\/wp-content\/uploads\/2016\/04\/Photo-salon-Mymi-DOINET-1-224x300.jpg 224w, https:\/\/la-licorne-a-lunettes.fr\/wp-content\/uploads\/2016\/04\/Photo-salon-Mymi-DOINET-1.jpg 717w\" sizes=\"(max-width: 136px) 100vw, 136px\" \/><figcaption id=\"caption-attachment-292\" class=\"wp-caption-text\">Mymi DOINET (c)<\/figcaption><\/figure>\n<p>&nbsp;<\/p>\n<p><strong><a href=\"http:\/\/la-licorne-a-lunettes.fr\/index.php\/2016\/04\/23\/interview-lauteure-mymi-doinet-nous-parle-de-ses-livres-denfance\/\">MYMI DOINET, L&rsquo;AUTEURE DES \u00ab\u00a0ANIMAUX DE LOU\u00a0\u00bb, BEST-SELLER CHEZ NATHAN<\/a><\/strong><\/p>\n<p>&nbsp;<\/p>\n<p>&nbsp;<\/p>\n<p>&nbsp;<\/p>\n<p>&nbsp;<\/p>\n<p>&nbsp;<\/p>\n<hr>\n<p>&nbsp;<\/p>\n","protected":false},"excerpt":{"rendered":"<p>Ici vous trouverez des portraits d&rsquo;auteurs, d&rsquo;illustrateurs, ainsi que les souvenirs de premi\u00e8res lectures de personnalit\u00e9s. Quel est votre livre d&rsquo;enfance pr\u00e9f\u00e9r\u00e9 ?&nbsp;Quel est votre souvenir des lectures faites par vos parents ? Quel est le livre que vous \u00eates en train de lire \u00e0 vos enfants ?&nbsp;Quel est votre h\u00e9ros \/ h\u00e9ro\u00efne pr\u00e9f\u00e9r\u00e9(e) et [&hellip;]<\/p>\n","protected":false},"author":1,"featured_media":0,"parent":0,"menu_order":1,"comment_status":"closed","ping_status":"closed","template":"","meta":{"ngg_post_thumbnail":0},"_links":{"self":[{"href":"https:\/\/la-licorne-a-lunettes.fr\/index.php\/wp-json\/wp\/v2\/pages\/16"}],"collection":[{"href":"https:\/\/la-licorne-a-lunettes.fr\/index.php\/wp-json\/wp\/v2\/pages"}],"about":[{"href":"https:\/\/la-licorne-a-lunettes.fr\/index.php\/wp-json\/wp\/v2\/types\/page"}],"author":[{"embeddable":true,"href":"https:\/\/la-licorne-a-lunettes.fr\/index.php\/wp-json\/wp\/v2\/users\/1"}],"replies":[{"embeddable":true,"href":"https:\/\/la-licorne-a-lunettes.fr\/index.php\/wp-json\/wp\/v2\/comments?post=16"}],"version-history":[{"count":37,"href":"https:\/\/la-licorne-a-lunettes.fr\/index.php\/wp-json\/wp\/v2\/pages\/16\/revisions"}],"predecessor-version":[{"id":3451,"href":"https:\/\/la-licorne-a-lunettes.fr\/index.php\/wp-json\/wp\/v2\/pages\/16\/revisions\/3451"}],"wp:attachment":[{"href":"https:\/\/la-licorne-a-lunettes.fr\/index.php\/wp-json\/wp\/v2\/media?parent=16"}],"curies":[{"name":"wp","href":"https:\/\/api.w.org\/{rel}","templated":true}]}}